{"id":2678,"date":"2021-04-12T21:08:35","date_gmt":"2021-04-13T01:08:35","guid":{"rendered":"https:\/\/bluestrawberrybythesea.com\/acerca-de-nosotros\/"},"modified":"2021-04-13T13:18:48","modified_gmt":"2021-04-13T17:18:48","slug":"acerca-de-nosotros","status":"publish","type":"page","link":"https:\/\/bluestrawberrybythesea.com\/es\/acerca-de-nosotros\/","title":{"rendered":"Acerca de nosotros"},"content":{"rendered":"<div class=\"wpb-content-wrapper\"><p>[vc_row full_width=\u00bbstretch_row\u00bb content_placement=\u00bbmiddle\u00bb bg_type=\u00bbbg_color\u00bb bg_color_value=\u00bb#ffffff\u00bb css=\u00bb.vc_custom_1618332291786{margin-top: -40px !important;}\u00bb][vc_column]\n\t\t\t<!-- START About ES REVOLUTION SLIDER 6.7.38 --><p class=\"rs-p-wp-fix\"><\/p>\n\t\t\t<rs-module-wrap id=\"rev_slider_14_1_wrapper\" data-source=\"gallery\" style=\"visibility:hidden;background:#1072b8;padding:0;margin:0px auto;margin-top:0;margin-bottom:0;\">\n\t\t\t\t<rs-module id=\"rev_slider_14_1\" style=\"\" data-version=\"6.7.38\">\n\t\t\t\t\t<rs-slides style=\"overflow: hidden; position: absolute;\">\n\t\t\t\t\t\t<rs-slide style=\"position: absolute;\" data-key=\"rs-18\" data-title=\"Slide\" data-anim=\"adpr:false;\" data-in=\"o:0;\" data-out=\"a:false;\">\n\t\t\t\t\t\t\t<img decoding=\"async\" src=\"\/\/bluestrawberrybythesea.com\/wp-content\/plugins\/revslider\/sr6\/assets\/assets\/dummy.png\" alt=\"Slide\" title=\"Acerca de nosotros\" class=\"rev-slidebg tp-rs-img rs-lazyload\" data-lazyload=\"\/\/bluestrawberrybythesea.com\/wp-content\/plugins\/revslider\/sr6\/assets\/assets\/transparent.png\" data-no-retina>\n<!--\n\t\t\t\t\t\t\t--><rs-layer\n\t\t\t\t\t\t\t\tid=\"slider-14-slide-18-layer-0\" \n\t\t\t\t\t\t\t\tdata-type=\"image\"\n\t\t\t\t\t\t\t\tdata-rsp_ch=\"on\"\n\t\t\t\t\t\t\t\tdata-xy=\"x:c;y:m,m,t,t;\"\n\t\t\t\t\t\t\t\tdata-text=\"w:normal;s:20,20,11,6;l:0,0,14,8;\"\n\t\t\t\t\t\t\t\tdata-dim=\"w:2000px,2000px,1044px,1044px;h:350px,350px,200px,200px;\"\n\t\t\t\t\t\t\t\tdata-frame_999=\"o:0;st:w;\"\n\t\t\t\t\t\t\t\tstyle=\"z-index:8;\"\n\t\t\t\t\t\t\t><img decoding=\"async\" src=\"\/\/bluestrawberrybythesea.com\/wp-content\/plugins\/revslider\/sr6\/assets\/assets\/dummy.png\" alt=\"\" class=\"tp-rs-img rs-lazyload\" width=\"2000\" height=\"350\" data-lazyload=\"\/\/bluestrawberrybythesea.com\/wp-content\/uploads\/2021\/08\/BSBTS-About3.jpg\" data-no-retina> \n\t\t\t\t\t\t\t<\/rs-layer><!--\n\n\t\t\t\t\t\t\t--><rs-layer\n\t\t\t\t\t\t\t\tid=\"slider-14-slide-18-layer-1\" \n\t\t\t\t\t\t\t\tdata-type=\"text\"\n\t\t\t\t\t\t\t\tdata-tsh=\"h:3px,3px,1px,0px;v:3px,3px,1px,0px;b:5px,5px,2px,1px;\"\n\t\t\t\t\t\t\t\tdata-rsp_ch=\"on\"\n\t\t\t\t\t\t\t\tdata-xy=\"x:c;xo:1px,1px,0,0;yo:117px,117px,71px,71px;\"\n\t\t\t\t\t\t\t\tdata-text=\"w:normal;s:50,50,30,26;l:55,55,30,26;fw:700;a:center;\"\n\t\t\t\t\t\t\t\tdata-dim=\"w:auto,auto,auto,465px;\"\n\t\t\t\t\t\t\t\tdata-frame_999=\"o:0;st:w;\"\n\t\t\t\t\t\t\t\tstyle=\"z-index:10;font-family:'Montserrat';\"\n\t\t\t\t\t\t\t>TAN ANCHO COMO EL OC\u00c9ANO,<br \/>\nTAN AZUL COMO EL MAR. \n\t\t\t\t\t\t\t<\/rs-layer><!--\n\n\t\t\t\t\t\t\t--><rs-layer\n\t\t\t\t\t\t\t\tid=\"slider-14-slide-18-layer-2\" \n\t\t\t\t\t\t\t\tdata-type=\"text\"\n\t\t\t\t\t\t\t\tdata-tsh=\"h:3px,3px,1px,0px;v:3px,3px,1px,0px;b:5px,5px,2px,1px;\"\n\t\t\t\t\t\t\t\tdata-rsp_ch=\"on\"\n\t\t\t\t\t\t\t\tdata-xy=\"x:c;y:t,t,m,m;yo:61px,61px,-55px,-54px;\"\n\t\t\t\t\t\t\t\tdata-text=\"w:normal;s:40,40,30,30;l:25,25,14,8;fw:500;a:center;\"\n\t\t\t\t\t\t\t\tdata-frame_999=\"o:0;st:w;\"\n\t\t\t\t\t\t\t\tstyle=\"z-index:9;font-family:'Montserrat';font-style:italic;\"\n\t\t\t\t\t\t\t>Acerca de nosotros \n\t\t\t\t\t\t\t<\/rs-layer><!--\n-->\t\t\t\t\t<\/rs-slide>\n\t\t\t\t\t<\/rs-slides>\n\t\t\t\t<\/rs-module>\n\t\t\t\t<script>\n\t\t\t\t\tsetREVStartSize({c: 'rev_slider_14_1',rl:[1240,1240,778,480],el:[350,350,200,200],gw:[1300,1300,778,480],gh:[350,350,200,200],type:'standard',justify:'',layout:'fullwidth',mh:\"0\"});if (window.RS_MODULES!==undefined && window.RS_MODULES.modules!==undefined && window.RS_MODULES.modules[\"revslider141\"]!==undefined) {window.RS_MODULES.modules[\"revslider141\"].once = false;window.revapi14 = undefined;if (window.RS_MODULES.checkMinimal!==undefined) window.RS_MODULES.checkMinimal()}\n\t\t\t\t<\/script>\n\t\t\t<\/rs-module-wrap>\n\t\t\t<!-- END REVOLUTION SLIDER -->\n[\/vc_column][\/vc_row][vc_row css=\u00bb.vc_custom_1617128380232{padding-top: 50px !important;padding-bottom: 50px !important;}\u00bb][vc_column][vc_column_text]<\/p>\n<div align=\"center\">\n<h1 style=\"font-size: 28px;\">Blue Strawberry by the Sea es un hotel boutique de 34 habitaciones situado en la acogedora ciudad de Lauderdale-By-The-Sea, a unos pasos de la playa.<\/h1>\n<\/div>\n<p>[\/vc_column_text][vc_empty_space height=\u00bb20px\u00bb][vc_column_text]<\/p>\n<div style=\"font-size: 18px; line-height: 28px;\" align=\"center\">Venga a rejuvenecerse y a relajarse en una de las distintas <a href=\"https:\/\/bluestrawberrybythesea.com\/es\/alojamiento\/\">opciones de habitaciones<\/a> con dise\u00f1o reci\u00e9n remodelado, las cuales se adaptan a sus necesidades. Desde el momento en que llegue, nuestro dedicado personal le ofrecer\u00e1 un servicio excepcional y personalizado para que su estancia sea memorable. No importa si lo que busca son unas vacaciones para recargar energ\u00edas o un tiempo libre para disfrutar con sus amigos, el Blue Strawberry by the Sea ser\u00e1 su pr\u00f3ximo destino favorito.<\/div>\n<p>[\/vc_column_text][\/vc_column][\/vc_row][vc_row full_width=\u00bbstretch_row\u00bb content_placement=\u00bbmiddle\u00bb bg_type=\u00bbbg_color\u00bb css=\u00bb.vc_custom_1617127884335{padding-top: 50px !important;padding-bottom: 50px !important;}\u00bb bg_color_value=\u00bb#a9b040&#8243;][vc_column][vc_row_inner content_placement=\u00bbmiddle\u00bb][vc_column_inner width=\u00bb1\/2&#8243;][vc_column_text]<\/p>\n<h2 style=\"color: #ffffff;\">\u00abEl muelle para pescar est\u00e1 a unos pasos. \u00a1Cada ma\u00f1ana com\u00ed all\u00ed los mejores panqueques de mi viaje!\u00bb<\/h2>\n<p>[\/vc_column_text][\/vc_column_inner][vc_column_inner width=\u00bb1\/2&#8243;][vc_column_text]<img loading=\"lazy\" decoding=\"async\" class=\"alignnone size-full wp-image-2687\" src=\"https:\/\/bluestrawberrybythesea.com\/wp-content\/uploads\/2021\/03\/castle-by-the-sea-attractions-02-1.jpg\" alt=\"El muelle\" width=\"1199\" height=\"738\" srcset=\"https:\/\/bluestrawberrybythesea.com\/wp-content\/uploads\/2021\/03\/castle-by-the-sea-attractions-02-1.jpg 1199w, https:\/\/bluestrawberrybythesea.com\/wp-content\/uploads\/2021\/03\/castle-by-the-sea-attractions-02-1-300x185.jpg 300w, https:\/\/bluestrawberrybythesea.com\/wp-content\/uploads\/2021\/03\/castle-by-the-sea-attractions-02-1-768x473.jpg 768w\" sizes=\"auto, (max-width: 1199px) 100vw, 1199px\" \/>[\/vc_column_text][\/vc_column_inner][\/vc_row_inner][vc_separator color=\u00bbwhite\u00bb style=\u00bbdotted\u00bb border_width=\u00bb2&#8243; css=\u00bb.vc_custom_1617128217719{padding-top: 50px !important;padding-bottom: 50px !important;}\u00bb][vc_row_inner content_placement=\u00bbmiddle\u00bb][vc_column_inner width=\u00bb1\/2&#8243;][vc_column_text]<img loading=\"lazy\" decoding=\"async\" class=\"alignnone size-full wp-image-2690\" src=\"https:\/\/bluestrawberrybythesea.com\/wp-content\/uploads\/2021\/03\/Lauderdale-by-the-Sea.jpg\" alt=\"Lauderdale-by-the-Sea\" width=\"960\" height=\"720\" srcset=\"https:\/\/bluestrawberrybythesea.com\/wp-content\/uploads\/2021\/03\/Lauderdale-by-the-Sea.jpg 960w, https:\/\/bluestrawberrybythesea.com\/wp-content\/uploads\/2021\/03\/Lauderdale-by-the-Sea-300x225.jpg 300w, https:\/\/bluestrawberrybythesea.com\/wp-content\/uploads\/2021\/03\/Lauderdale-by-the-Sea-768x576.jpg 768w\" sizes=\"auto, (max-width: 960px) 100vw, 960px\" \/>[\/vc_column_text][\/vc_column_inner][vc_column_inner width=\u00bb1\/2&#8243;][vc_column_text]<\/p>\n<h2 style=\"color: #ffffff;\">\u00abLauderdale by the Sea tiene algo que hacer para todos. Fue una relajante semana en la playa para toda la familia.\u00bb<\/h2>\n<p>[\/vc_column_text][\/vc_column_inner][\/vc_row_inner][\/vc_column][\/vc_row][vc_row full_width=\u00bbstretch_row\u00bb css=\u00bb.vc_custom_1618332309800{margin-bottom: -80px !important;}\u00bb][vc_column]\n\t\t\t<!-- START Bottom ES REVOLUTION SLIDER 6.7.38 --><p class=\"rs-p-wp-fix\"><\/p>\n\t\t\t<rs-module-wrap id=\"rev_slider_22_2_wrapper\" data-source=\"gallery\" style=\"visibility:hidden;background:transparent;padding:0;margin:0px auto;margin-top:0;margin-bottom:0;\">\n\t\t\t\t<rs-module id=\"rev_slider_22_2\" style=\"\" data-version=\"6.7.38\">\n\t\t\t\t\t<rs-slides style=\"overflow: hidden; position: absolute;\">\n\t\t\t\t\t\t<rs-slide style=\"position: absolute;\" data-key=\"rs-26\" data-title=\"Slide\" data-anim=\"adpr:false;\" data-in=\"o:0;\" data-out=\"a:false;\">\n\t\t\t\t\t\t\t<img decoding=\"async\" src=\"\/\/bluestrawberrybythesea.com\/wp-content\/plugins\/revslider\/sr6\/assets\/assets\/dummy.png\" alt=\"Slide\" title=\"Acerca de nosotros\" class=\"rev-slidebg tp-rs-img rs-lazyload\" data-lazyload=\"\/\/bluestrawberrybythesea.com\/wp-content\/plugins\/revslider\/sr6\/assets\/assets\/transparent.png\" data-parallax=\"off\" data-no-retina>\n<!--\n\t\t\t\t\t\t\t--><rs-layer\n\t\t\t\t\t\t\t\tid=\"slider-22-slide-26-layer-0\" \n\t\t\t\t\t\t\t\tclass=\"rs-pxl-6\"\n\t\t\t\t\t\t\t\tdata-type=\"image\"\n\t\t\t\t\t\t\t\tdata-rsp_ch=\"on\"\n\t\t\t\t\t\t\t\tdata-xy=\"x:c;y:m,m,t,t;\"\n\t\t\t\t\t\t\t\tdata-text=\"w:normal;s:20,20,7,4;l:0,0,9,6;\"\n\t\t\t\t\t\t\t\tdata-dim=\"w:2000px,2000px,1140px,1140px;h:351px,351px,200px,200px;\"\n\t\t\t\t\t\t\t\tdata-frame_999=\"o:0;st:w;\"\n\t\t\t\t\t\t\t\tstyle=\"z-index:8;\"\n\t\t\t\t\t\t\t><img decoding=\"async\" src=\"\/\/bluestrawberrybythesea.com\/wp-content\/plugins\/revslider\/sr6\/assets\/assets\/dummy.png\" alt=\"\" class=\"tp-rs-img rs-lazyload\" width=\"2000\" height=\"351\" data-lazyload=\"\/\/bluestrawberrybythesea.com\/wp-content\/uploads\/2021\/03\/sand-wave.jpg\" data-no-retina> \n\t\t\t\t\t\t\t<\/rs-layer><!--\n\n\t\t\t\t\t\t\t--><rs-layer\n\t\t\t\t\t\t\t\tid=\"slider-22-slide-26-layer-1\" \n\t\t\t\t\t\t\t\tdata-type=\"image\"\n\t\t\t\t\t\t\t\tdata-rsp_ch=\"on\"\n\t\t\t\t\t\t\t\tdata-xy=\"xo:1331px,1331px,561px,375px;yo:158px,158px,108px,128px;\"\n\t\t\t\t\t\t\t\tdata-text=\"w:normal;s:20,20,7,4;l:0,0,9,6;\"\n\t\t\t\t\t\t\t\tdata-dim=\"w:245px,245px,120px,95px;h:194px,194px,95px,75px;\"\n\t\t\t\t\t\t\t\tdata-frame_999=\"o:0;st:w;\"\n\t\t\t\t\t\t\t\tstyle=\"z-index:9;\"\n\t\t\t\t\t\t\t><img decoding=\"async\" src=\"\/\/bluestrawberrybythesea.com\/wp-content\/plugins\/revslider\/sr6\/assets\/assets\/dummy.png\" alt=\"\" class=\"tp-rs-img rs-lazyload\" width=\"245\" height=\"194\" data-lazyload=\"\/\/bluestrawberrybythesea.com\/wp-content\/uploads\/2021\/03\/slipers.png\" data-no-retina> \n\t\t\t\t\t\t\t<\/rs-layer><!--\n\n\t\t\t\t\t\t\t--><rs-layer\n\t\t\t\t\t\t\t\tid=\"slider-22-slide-26-layer-2\" \n\t\t\t\t\t\t\t\tdata-type=\"image\"\n\t\t\t\t\t\t\t\tdata-rsp_ch=\"on\"\n\t\t\t\t\t\t\t\tdata-xy=\"x:c;xo:0,0,-1px,0;yo:50px,50px,24px,37px;\"\n\t\t\t\t\t\t\t\tdata-text=\"w:normal;s:20,20,7,4;l:0,0,9,6;\"\n\t\t\t\t\t\t\t\tdata-dim=\"w:80px,80px,50px,45px;h:80px,80px,50px,45px;\"\n\t\t\t\t\t\t\t\tdata-frame_999=\"o:0;st:w;\"\n\t\t\t\t\t\t\t\tstyle=\"z-index:10;\"\n\t\t\t\t\t\t\t><img decoding=\"async\" src=\"\/\/bluestrawberrybythesea.com\/wp-content\/plugins\/revslider\/sr6\/assets\/assets\/dummy.png\" alt=\"\" class=\"tp-rs-img rs-lazyload\" width=\"80\" height=\"80\" data-lazyload=\"\/\/bluestrawberrybythesea.com\/wp-content\/uploads\/2021\/03\/blue-strawberry-by-the-sea-blue-icon.png\" data-no-retina> \n\t\t\t\t\t\t\t<\/rs-layer><!--\n\n\t\t\t\t\t\t\t--><rs-layer\n\t\t\t\t\t\t\t\tid=\"slider-22-slide-26-layer-3\" \n\t\t\t\t\t\t\t\tdata-type=\"text\"\n\t\t\t\t\t\t\t\tdata-tsh=\"h:3px,3px,0px,0px;v:3px,3px,0px,0px;b:10px,10px,3px,1px;\"\n\t\t\t\t\t\t\t\tdata-rsp_ch=\"on\"\n\t\t\t\t\t\t\t\tdata-xy=\"x:c;yo:224px,224px,149px,143px;\"\n\t\t\t\t\t\t\t\tdata-text=\"w:normal;s:40,40,28,20;l:25,25,9,6;fw:700;a:center;\"\n\t\t\t\t\t\t\t\tdata-dim=\"h:auto,auto,11px,6px;\"\n\t\t\t\t\t\t\t\tdata-frame_999=\"o:0;st:w;\"\n\t\t\t\t\t\t\t\tstyle=\"z-index:12;font-family:'Montserrat';\"\n\t\t\t\t\t\t\t>+ (954) 202-9595 (Estados Unidos y Canad\u00e1) \n\t\t\t\t\t\t\t<\/rs-layer><!--\n\n\t\t\t\t\t\t\t--><rs-layer\n\t\t\t\t\t\t\t\tid=\"slider-22-slide-26-layer-4\" \n\t\t\t\t\t\t\t\tdata-type=\"text\"\n\t\t\t\t\t\t\t\tdata-tsh=\"h:3px,3px,0px,0px;v:3px,3px,0px,0px;b:10px,10px,3px,1px;\"\n\t\t\t\t\t\t\t\tdata-rsp_ch=\"on\"\n\t\t\t\t\t\t\t\tdata-xy=\"x:c;yo:174px,174px,81px,93px;\"\n\t\t\t\t\t\t\t\tdata-text=\"w:normal;s:36,36,25,17;l:25,25,25,18;fw:600;a:center;\"\n\t\t\t\t\t\t\t\tdata-dim=\"w:auto,auto,663px,409px;\"\n\t\t\t\t\t\t\t\tdata-frame_999=\"o:0;st:w;\"\n\t\t\t\t\t\t\t\tstyle=\"z-index:11;font-family:'Montserrat';\"\n\t\t\t\t\t\t\t>Ll\u00e1menos para conocer las disponibilidades, \u00a1y reserve sus vacaciones ahora! \n\t\t\t\t\t\t\t<\/rs-layer><!--\n-->\t\t\t\t\t<\/rs-slide>\n\t\t\t\t\t<\/rs-slides>\n\t\t\t\t<\/rs-module>\n\t\t\t\t<script>\n\t\t\t\t\tsetREVStartSize({c: 'rev_slider_22_2',rl:[1240,1240,778,480],el:[350,350,200,200],gw:[2000,2000,778,480],gh:[350,350,200,200],type:'standard',justify:'',layout:'fullwidth',mh:\"0\"});if (window.RS_MODULES!==undefined && window.RS_MODULES.modules!==undefined && window.RS_MODULES.modules[\"revslider222\"]!==undefined) {window.RS_MODULES.modules[\"revslider222\"].once = false;window.revapi22 = undefined;if (window.RS_MODULES.checkMinimal!==undefined) window.RS_MODULES.checkMinimal()}\n\t\t\t\t<\/script>\n\t\t\t<\/rs-module-wrap>\n\t\t\t<!-- END REVOLUTION SLIDER -->\n[\/vc_column][\/vc_row]<\/p>\n<\/div>","protected":false},"excerpt":{"rendered":"<p>[vc_row full_width=\u00bbstretch_row\u00bb content_placement=\u00bbmiddle\u00bb bg_type=\u00bbbg_color\u00bb bg_color_value=\u00bb#ffffff\u00bb css=\u00bb.vc_custom_1618332291786{margin-top: -40px !important;}\u00bb][vc_column][\/vc_column][\/vc_row][vc_row css=\u00bb.vc_custom_1617128380232{padding-top: 50px !important;padding-bottom: 50px !important;}\u00bb][vc_column][vc_column_text] Blue Strawberry by the Sea es un hotel boutique de 34 habitaciones situado en la acogedora ciudad de Lauderdale-By-The-Sea, a unos pasos de la playa. [\/vc_column_text][vc_empty_space height=\u00bb20px\u00bb][vc_column_text] Venga a rejuvenecerse y a relajarse en una de las distintas opciones de habitaciones con&hellip;<\/p>\n","protected":false},"author":3,"featured_media":0,"parent":0,"menu_order":0,"comment_status":"closed","ping_status":"closed","template":"","meta":{"footnotes":""},"class_list":["post-2678","page","type-page","status-publish","hentry","description-off"],"yoast_head":"<!-- This site is optimized with the Yoast SEO plugin v27.4 - https:\/\/yoast.com\/product\/yoast-seo-wordpress\/ -->\n<title>Acerca de nosotros - Blue Strawberry by the Sea - Resort Hotel Boutique<\/title>\n<meta name=\"description\" content=\"Si lo que busca es recargar energ\u00edas y un poco de tiempo libre, el hotel boutique Blue Strawberry by the Sea ser\u00e1 su pr\u00f3ximo lugar de vacaciones favorito\" \/>\n<meta name=\"robots\" content=\"index, follow, max-snippet:-1, max-image-preview:large, max-video-preview:-1\" \/>\n<link rel=\"canonical\" href=\"https:\/\/bluestrawberrybythesea.com\/es\/acerca-de-nosotros\/\" \/>\n<meta property=\"og:locale\" content=\"es_ES\" \/>\n<meta property=\"og:type\" content=\"article\" \/>\n<meta property=\"og:title\" content=\"Acerca de nosotros - Blue Strawberry by the Sea - Resort Hotel Boutique\" \/>\n<meta property=\"og:description\" content=\"Si lo que busca es recargar energ\u00edas y un poco de tiempo libre, el hotel boutique Blue Strawberry by the Sea ser\u00e1 su pr\u00f3ximo lugar de vacaciones favorito\" \/>\n<meta property=\"og:url\" content=\"https:\/\/bluestrawberrybythesea.com\/es\/acerca-de-nosotros\/\" \/>\n<meta property=\"og:site_name\" content=\"Blue Strawberry by the Sea\" \/>\n<meta property=\"article:modified_time\" content=\"2021-04-13T17:18:48+00:00\" \/>\n<meta property=\"og:image\" content=\"https:\/\/bluestrawberrybythesea.com\/wp-content\/uploads\/2021\/03\/castle-by-the-sea-attractions-02-1.jpg\" \/>\n<meta name=\"twitter:card\" content=\"summary_large_image\" \/>\n<meta name=\"twitter:label1\" content=\"Tiempo de lectura\" \/>\n\t<meta name=\"twitter:data1\" content=\"2 minutos\" \/>\n<script type=\"application\/ld+json\" class=\"yoast-schema-graph\">{\"@context\":\"https:\\\/\\\/schema.org\",\"@graph\":[{\"@type\":\"WebPage\",\"@id\":\"https:\\\/\\\/bluestrawberrybythesea.com\\\/es\\\/acerca-de-nosotros\\\/\",\"url\":\"https:\\\/\\\/bluestrawberrybythesea.com\\\/es\\\/acerca-de-nosotros\\\/\",\"name\":\"Acerca de nosotros - Blue Strawberry by the Sea - Resort Hotel Boutique\",\"isPartOf\":{\"@id\":\"https:\\\/\\\/bluestrawberrybythesea.com\\\/es\\\/#website\"},\"primaryImageOfPage\":{\"@id\":\"https:\\\/\\\/bluestrawberrybythesea.com\\\/es\\\/acerca-de-nosotros\\\/#primaryimage\"},\"image\":{\"@id\":\"https:\\\/\\\/bluestrawberrybythesea.com\\\/es\\\/acerca-de-nosotros\\\/#primaryimage\"},\"thumbnailUrl\":\"https:\\\/\\\/bluestrawberrybythesea.com\\\/wp-content\\\/uploads\\\/2021\\\/03\\\/castle-by-the-sea-attractions-02-1.jpg\",\"datePublished\":\"2021-04-13T01:08:35+00:00\",\"dateModified\":\"2021-04-13T17:18:48+00:00\",\"description\":\"Si lo que busca es recargar energ\u00edas y un poco de tiempo libre, el hotel boutique Blue Strawberry by the Sea ser\u00e1 su pr\u00f3ximo lugar de vacaciones favorito\",\"breadcrumb\":{\"@id\":\"https:\\\/\\\/bluestrawberrybythesea.com\\\/es\\\/acerca-de-nosotros\\\/#breadcrumb\"},\"inLanguage\":\"es\",\"potentialAction\":[{\"@type\":\"ReadAction\",\"target\":[\"https:\\\/\\\/bluestrawberrybythesea.com\\\/es\\\/acerca-de-nosotros\\\/\"]}]},{\"@type\":\"ImageObject\",\"inLanguage\":\"es\",\"@id\":\"https:\\\/\\\/bluestrawberrybythesea.com\\\/es\\\/acerca-de-nosotros\\\/#primaryimage\",\"url\":\"https:\\\/\\\/bluestrawberrybythesea.com\\\/wp-content\\\/uploads\\\/2021\\\/03\\\/castle-by-the-sea-attractions-02-1.jpg\",\"contentUrl\":\"https:\\\/\\\/bluestrawberrybythesea.com\\\/wp-content\\\/uploads\\\/2021\\\/03\\\/castle-by-the-sea-attractions-02-1.jpg\"},{\"@type\":\"BreadcrumbList\",\"@id\":\"https:\\\/\\\/bluestrawberrybythesea.com\\\/es\\\/acerca-de-nosotros\\\/#breadcrumb\",\"itemListElement\":[{\"@type\":\"ListItem\",\"position\":1,\"name\":\"Home\",\"item\":\"https:\\\/\\\/bluestrawberrybythesea.com\\\/es\\\/\"},{\"@type\":\"ListItem\",\"position\":2,\"name\":\"Acerca de nosotros\"}]},{\"@type\":\"WebSite\",\"@id\":\"https:\\\/\\\/bluestrawberrybythesea.com\\\/es\\\/#website\",\"url\":\"https:\\\/\\\/bluestrawberrybythesea.com\\\/es\\\/\",\"name\":\"Blue Strawberry by the Sea\",\"description\":\"Motel located in Lauderdale-By-The-Sea, USA\",\"potentialAction\":[{\"@type\":\"SearchAction\",\"target\":{\"@type\":\"EntryPoint\",\"urlTemplate\":\"https:\\\/\\\/bluestrawberrybythesea.com\\\/es\\\/?s={search_term_string}\"},\"query-input\":{\"@type\":\"PropertyValueSpecification\",\"valueRequired\":true,\"valueName\":\"search_term_string\"}}],\"inLanguage\":\"es\"}]}<\/script>\n<!-- \/ Yoast SEO plugin. -->","yoast_head_json":{"title":"Acerca de nosotros - Blue Strawberry by the Sea - Resort Hotel Boutique","description":"Si lo que busca es recargar energ\u00edas y un poco de tiempo libre, el hotel boutique Blue Strawberry by the Sea ser\u00e1 su pr\u00f3ximo lugar de vacaciones favorito","robots":{"index":"index","follow":"follow","max-snippet":"max-snippet:-1","max-image-preview":"max-image-preview:large","max-video-preview":"max-video-preview:-1"},"canonical":"https:\/\/bluestrawberrybythesea.com\/es\/acerca-de-nosotros\/","og_locale":"es_ES","og_type":"article","og_title":"Acerca de nosotros - Blue Strawberry by the Sea - Resort Hotel Boutique","og_description":"Si lo que busca es recargar energ\u00edas y un poco de tiempo libre, el hotel boutique Blue Strawberry by the Sea ser\u00e1 su pr\u00f3ximo lugar de vacaciones favorito","og_url":"https:\/\/bluestrawberrybythesea.com\/es\/acerca-de-nosotros\/","og_site_name":"Blue Strawberry by the Sea","article_modified_time":"2021-04-13T17:18:48+00:00","og_image":[{"url":"https:\/\/bluestrawberrybythesea.com\/wp-content\/uploads\/2021\/03\/castle-by-the-sea-attractions-02-1.jpg","type":"","width":"","height":""}],"twitter_card":"summary_large_image","twitter_misc":{"Tiempo de lectura":"2 minutos"},"schema":{"@context":"https:\/\/schema.org","@graph":[{"@type":"WebPage","@id":"https:\/\/bluestrawberrybythesea.com\/es\/acerca-de-nosotros\/","url":"https:\/\/bluestrawberrybythesea.com\/es\/acerca-de-nosotros\/","name":"Acerca de nosotros - Blue Strawberry by the Sea - Resort Hotel Boutique","isPartOf":{"@id":"https:\/\/bluestrawberrybythesea.com\/es\/#website"},"primaryImageOfPage":{"@id":"https:\/\/bluestrawberrybythesea.com\/es\/acerca-de-nosotros\/#primaryimage"},"image":{"@id":"https:\/\/bluestrawberrybythesea.com\/es\/acerca-de-nosotros\/#primaryimage"},"thumbnailUrl":"https:\/\/bluestrawberrybythesea.com\/wp-content\/uploads\/2021\/03\/castle-by-the-sea-attractions-02-1.jpg","datePublished":"2021-04-13T01:08:35+00:00","dateModified":"2021-04-13T17:18:48+00:00","description":"Si lo que busca es recargar energ\u00edas y un poco de tiempo libre, el hotel boutique Blue Strawberry by the Sea ser\u00e1 su pr\u00f3ximo lugar de vacaciones favorito","breadcrumb":{"@id":"https:\/\/bluestrawberrybythesea.com\/es\/acerca-de-nosotros\/#breadcrumb"},"inLanguage":"es","potentialAction":[{"@type":"ReadAction","target":["https:\/\/bluestrawberrybythesea.com\/es\/acerca-de-nosotros\/"]}]},{"@type":"ImageObject","inLanguage":"es","@id":"https:\/\/bluestrawberrybythesea.com\/es\/acerca-de-nosotros\/#primaryimage","url":"https:\/\/bluestrawberrybythesea.com\/wp-content\/uploads\/2021\/03\/castle-by-the-sea-attractions-02-1.jpg","contentUrl":"https:\/\/bluestrawberrybythesea.com\/wp-content\/uploads\/2021\/03\/castle-by-the-sea-attractions-02-1.jpg"},{"@type":"BreadcrumbList","@id":"https:\/\/bluestrawberrybythesea.com\/es\/acerca-de-nosotros\/#breadcrumb","itemListElement":[{"@type":"ListItem","position":1,"name":"Home","item":"https:\/\/bluestrawberrybythesea.com\/es\/"},{"@type":"ListItem","position":2,"name":"Acerca de nosotros"}]},{"@type":"WebSite","@id":"https:\/\/bluestrawberrybythesea.com\/es\/#website","url":"https:\/\/bluestrawberrybythesea.com\/es\/","name":"Blue Strawberry by the Sea","description":"Motel located in Lauderdale-By-The-Sea, USA","potentialAction":[{"@type":"SearchAction","target":{"@type":"EntryPoint","urlTemplate":"https:\/\/bluestrawberrybythesea.com\/es\/?s={search_term_string}"},"query-input":{"@type":"PropertyValueSpecification","valueRequired":true,"valueName":"search_term_string"}}],"inLanguage":"es"}]}},"_links":{"self":[{"href":"https:\/\/bluestrawberrybythesea.com\/es\/wp-json\/wp\/v2\/pages\/2678","targetHints":{"allow":["GET"]}}],"collection":[{"href":"https:\/\/bluestrawberrybythesea.com\/es\/wp-json\/wp\/v2\/pages"}],"about":[{"href":"https:\/\/bluestrawberrybythesea.com\/es\/wp-json\/wp\/v2\/types\/page"}],"author":[{"embeddable":true,"href":"https:\/\/bluestrawberrybythesea.com\/es\/wp-json\/wp\/v2\/users\/3"}],"replies":[{"embeddable":true,"href":"https:\/\/bluestrawberrybythesea.com\/es\/wp-json\/wp\/v2\/comments?post=2678"}],"version-history":[{"count":3,"href":"https:\/\/bluestrawberrybythesea.com\/es\/wp-json\/wp\/v2\/pages\/2678\/revisions"}],"predecessor-version":[{"id":2762,"href":"https:\/\/bluestrawberrybythesea.com\/es\/wp-json\/wp\/v2\/pages\/2678\/revisions\/2762"}],"wp:attachment":[{"href":"https:\/\/bluestrawberrybythesea.com\/es\/wp-json\/wp\/v2\/media?parent=2678"}],"curies":[{"name":"wp","href":"https:\/\/api.w.org\/{rel}","templated":true}]}}