{"id":2418,"date":"2021-04-12T21:08:21","date_gmt":"2021-04-13T01:08:21","guid":{"rendered":"https:\/\/bluestrawberrybythesea.com\/contactenos\/"},"modified":"2021-08-19T09:22:02","modified_gmt":"2021-08-19T13:22:02","slug":"contactenos","status":"publish","type":"page","link":"https:\/\/bluestrawberrybythesea.com\/es\/contactenos\/","title":{"rendered":"Cont\u00e1ctenos"},"content":{"rendered":"<div class=\"wpb-content-wrapper\"><p>[vc_row full_width=\u00bbstretch_row_content_no_spaces\u00bb css=\u00bb.vc_custom_1629379319967{margin-top: -50px !important;}\u00bb][vc_column]<div id='wrap_map_69deb834f1d59' class='ultimate-map-wrapper ult-adjust-bottom-margin ' style=' height:300px;'><div id='map_69deb834f1d59' data-map_override='0' class='ultimate_google_map wpb_content_element 0' style='width:100%;height:300px;'><\/div><\/div><script type='text\/javascript'>\n\t\t\t(function($) {\n  \t\t\t'use strict';\n\t\t\tvar map_map_69deb834f1d59 = null;\n\t\t\tvar coordinate_map_69deb834f1d59;\n\t\t\tvar isDraggable = $(document).width() > 641 ? 'true' : 'true';\n\t\t\ttry\n\t\t\t{\n\t\t\t\tvar map_map_69deb834f1d59 = null;\n\t\t\t\tvar coordinate_map_69deb834f1d59;\n\t\t\t\tcoordinate_map_69deb834f1d59 = new google.maps.LatLng(26.186392494021, -80.096709001742);\n\t\t\t\tvar mapOptions=\n\t\t\t\t{\n\t\t\t\t\tzoom: 12,\n\t\t\t\t\tcenter: coordinate_map_69deb834f1d59,\n\t\t\t\t\tscaleControl: true,\n\t\t\t\t\tstreetViewControl: false,\n\t\t\t\t\tmapTypeControl: false,\n\t\t\t\t\tpanControl: false,\n\t\t\t\t\tzoomControl: false,\n\t\t\t\t\tscrollwheel: true,\n\t\t\t\t\tdraggable: isDraggable,\n\t\t\t\t\tzoomControlOptions: {\n\t\t\t\t\t\tposition: google.maps.ControlPosition.right_bottom\n\t\t\t\t\t},mapTypeId: google.maps.MapTypeId.roadmap,};var map_map_69deb834f1d59 = new google.maps.Map(document.getElementById('map_69deb834f1d59'),mapOptions);\n\t\t\t\t\t\tvar x = 'infowindow_open_value';\n\t\t\t\t\t\tvar marker_map_69deb834f1d59 = new google.maps.Marker({\n\t\t\t\t\t\tposition: new google.maps.LatLng('26.186392494021', '-80.096709001742'),\n\t\t\t\t\t\tanimation:  google.maps.Animation.DROP,\n\t\t\t\t\t\tmap: map_map_69deb834f1d59,\n\t\t\t\t\t\ticon: ''\n\t\t\t\t\t});\tgoogle.maps.event.addListener(marker_map_69deb834f1d59, 'click', toggleBounce);var infowindow = new google.maps.InfoWindow();\n\t\t\t\t\t\t\tinfowindow.setContent('<div class=\"map_info_text\" style=\\'color:#000;\\'><\/p> <h3>Blue Strawberry By The Sea<\/h3> <p>4208\/4220 North Ocean Drive<br \/> Fort Lauderdale, Florida 33308<\/div>');google.maps.event.addListener(marker_map_69deb834f1d59, 'click', function() {\n\t\t\t\t\t\t\t\tinfowindow.open(map_map_69deb834f1d59,marker_map_69deb834f1d59);\n\t\t\t\t\t\t  \t});}\n\t\t\tcatch(e){};\n\t\t\tjQuery(document).ready(function($){\n\t\t\t\tgoogle.maps.event.trigger(map_map_69deb834f1d59, 'resize');\n\t\t\t\t$(window).on('resize', function(){\n\t\t\t\t\tgoogle.maps.event.trigger(map_map_69deb834f1d59, 'resize');\n\t\t\t\t\tif(map_map_69deb834f1d59!=null)\n\t\t\t\t\t\tmap_map_69deb834f1d59.setCenter(coordinate_map_69deb834f1d59);\n\t\t\t\t});\n\t\t\t\t$('.ui-tabs').on('tabsactivate', function(event, ui) {\n\t\t\t\t   if($(this).find('.ultimate-map-wrapper').length > 0)\n\t\t\t\t\t{\n\t\t\t\t\t\tsetTimeout(function(){\n\t\t\t\t\t\t\t$(window).trigger('resize');\n\t\t\t\t\t\t},200);\n\t\t\t\t\t}\n\t\t\t\t});\n\t\t\t\t$('.ui-accordion').on('accordionactivate', function(event, ui) {\n\t\t\t\t   if($(this).find('.ultimate-map-wrapper').length > 0)\n\t\t\t\t\t{\n\t\t\t\t\t\tsetTimeout(function(){\n\t\t\t\t\t\t\t$(window).trigger('resize');\n\t\t\t\t\t\t},200);\n\t\t\t\t\t}\n\t\t\t\t});\n\t\t\t\t$(window).on('load',function(){\n\t\t\t\t\tsetTimeout(function(){\n\t\t\t\t\t\t$(window).trigger('resize');\n\t\t\t\t\t},200);\n\t\t\t\t});\n\t\t\t\t$('.ult_exp_section').on('select', function(){\n\t\t\t\t\tif($(map_map_69deb834f1d59).parents('.ult_exp_section'))\n\t\t\t\t\t{\n\t\t\t\t\t\tsetTimeout(function(){\n\t\t\t\t\t\t\t$(window).trigger('resize');\n\t\t\t\t\t\t},200);\n\t\t\t\t\t}\n\t\t\t\t});\n\t\t\t\t$(document).on('onUVCModalPopupOpen', function(){\n\t\t\t\t\tif($(map_map_69deb834f1d59).parents('.ult_modal-content'))\n\t\t\t\t\t{\n\t\t\t\t\t\tsetTimeout(function(){\n\t\t\t\t\t\t\t$(window).trigger('resize');\n\t\t\t\t\t\t},200);\n\t\t\t\t\t}\n\t\t\t\t});\n\t\t\t\t$(document).on('click','.ult_tab_li',function(){\n\t\t\t\t\t$(window).trigger('resize');\n\t\t\t\t\tsetTimeout(function(){\n\t\t\t\t\t\t$(window).trigger('resize');\n\t\t\t\t\t},200);\n\t\t\t\t});\n\t\t\t});\n\t\t\tfunction toggleBounce() {\n\t\t\t  if (marker_map_69deb834f1d59.getAnimation() != null) {\n\t\t\t\tmarker_map_69deb834f1d59.setAnimation(null);\n\t\t\t  } else {\n\t\t\t\tmarker_map_69deb834f1d59.setAnimation(google.maps.Animation.BOUNCE);\n\t\t\t  }\n\t\t\t}\n\t\t\t})(jQuery);\n\t\t\t<\/script>[\/vc_column][\/vc_row][vc_row full_width=\u00bbstretch_row\u00bb bg_type=\u00bbbg_color\u00bb css=\u00bb.vc_custom_1629378928103{padding-top: 50px !important;padding-bottom: 50px !important;}\u00bb bg_color_value=\u00bb#ffffff\u00bb][vc_column width=\u00bb1\/2&#8243;][vc_column_text]<\/p>\n<h3>Si tiene alguna pregunta o comentario, por favor llene el siguiente formulario y en breve nos pondremos en contacto con usted.<\/h3>\n<p>[\/vc_column_text][vc_empty_space height=\u00bb30px\u00bb]\n<div class=\"wpcf7 no-js\" id=\"wpcf7-f2770-o1\" lang=\"es-ES\" dir=\"ltr\" data-wpcf7-id=\"2770\">\n<div class=\"screen-reader-response\"><p role=\"status\" aria-live=\"polite\" aria-atomic=\"true\"><\/p> <ul><\/ul><\/div>\n<form action=\"\/es\/wp-json\/wp\/v2\/pages\/2418#wpcf7-f2770-o1\" method=\"post\" class=\"wpcf7-form init\" aria-label=\"Formulario de contacto\" novalidate=\"novalidate\" data-status=\"init\">\n<fieldset class=\"hidden-fields-container\"><input type=\"hidden\" name=\"_wpcf7\" value=\"2770\" \/><input type=\"hidden\" name=\"_wpcf7_version\" value=\"6.1.5\" \/><input type=\"hidden\" name=\"_wpcf7_locale\" value=\"es_ES\" \/><input type=\"hidden\" name=\"_wpcf7_unit_tag\" value=\"wpcf7-f2770-o1\" \/><input type=\"hidden\" name=\"_wpcf7_container_post\" value=\"0\" \/><input type=\"hidden\" name=\"_wpcf7_posted_data_hash\" value=\"\" \/>\n<\/fieldset>\n<p><span class=\"wpcf7-form-control-wrap\" data-name=\"your-name\"><input size=\"40\" maxlength=\"400\" class=\"wpcf7-form-control wpcf7-text wpcf7-validates-as-required\" aria-required=\"true\" aria-invalid=\"false\" placeholder=\"Su nombre\" value=\"\" type=\"text\" name=\"your-name\" \/><\/span>\n<\/p>\n<p><span class=\"wpcf7-form-control-wrap\" data-name=\"your-email\"><input size=\"40\" maxlength=\"400\" class=\"wpcf7-form-control wpcf7-email wpcf7-validates-as-required wpcf7-text wpcf7-validates-as-email\" aria-required=\"true\" aria-invalid=\"false\" placeholder=\"Email\" value=\"\" type=\"email\" name=\"your-email\" \/><\/span>\n<\/p>\n<p><span class=\"wpcf7-form-control-wrap\" data-name=\"your-message\"><textarea cols=\"40\" rows=\"10\" maxlength=\"2000\" class=\"wpcf7-form-control wpcf7-textarea\" aria-invalid=\"false\" placeholder=\"Pregunta o comentario\" name=\"your-message\"><\/textarea><\/span>\n<\/p>\n<p><input class=\"wpcf7-form-control wpcf7-submit has-spinner\" type=\"submit\" value=\"Enviar\" \/>\n<\/p><div class=\"wpcf7-response-output\" aria-hidden=\"true\"><\/div>\n<\/form>\n<\/div>\n[\/vc_column][vc_column width=\u00bb1\/2&#8243;][vc_column_text]<\/p>\n<h3>Blue Strawberry By The Sea<\/h3>\n<p>4208\/4220 North Ocean Drive<br \/>\nFort Lauderdale, Florida 33308<br \/>\n<a href=\"tel:954-202-9595\">+1 (954) 202-9595<\/a><br \/>\n<a href=\"mailto:frontdesk@bluestrawberrybythesea.com\">frontdesk@bluestrawberrybythesea.com<\/a>[\/vc_column_text][vc_empty_space height=\u00bb30px\u00bb][vc_column_text]<iframe loading=\"lazy\" style=\"border: 0;\" src=\"https:\/\/www.google.com\/maps\/embed?pb=!1m18!1m12!1m3!1d3580.3177219216136!2d-80.09890514913336!3d26.18634088336462!2m3!1f0!2f0!3f0!3m2!1i1024!2i768!4f13.1!3m3!1m2!1s0x88d8fdf7cb1e37a3%3A0xd699f5c4f0023074!2s4208%20N%20Ocean%20Dr%2C%20Fort%20Lauderdale%2C%20FL%2033308%2C%20USA!5e0!3m2!1sen!2sca!4v1616779594860!5m2!1sen!2sca\" width=\"600\" height=\"300\" allowfullscreen=\"allowfullscreen\"><\/iframe>[\/vc_column_text][\/vc_column][\/vc_row][vc_row full_width=\u00bbstretch_row\u00bb bg_type=\u00bbbg_color\u00bb css=\u00bb.vc_custom_1615478319123{padding-top: 50px !important;padding-bottom: 50px !important;}\u00bb bg_color_value=\u00bb#f2f2f2&#8243;][vc_column width=\u00bb1\/3&#8243;][vc_column_text]<\/p>\n<h4>Desde el Aeropuerto Internacional de Miami<\/h4>\n<p>Tome la autopista FL-112 E hacia el este en Hialeah desde la salida 2. Despu\u00e9s de 4.2 km (2.6 millas), tome la autopista I-95 Express y la I-95 N hacia el norte hasta FL-870 E\/NW 50th St\/W Commercial Blvd en Oakland Park. Tome la salida 32 de la I-95 N hacia el norte y siga la FL-870 E\/W Commercial Blvd hasta N Ocean Dr en Lauderdale-by-the-Sea. Tome la autopista FL-870 E\/NW 50th St\/W Commercial Blvd, y despu\u00e9s de 5.5 km (3.4 millas), d\u00e9 vuelta a la derecha hacia N Ocean Drive. A la izquierda estar\u00e1 su destino.[\/vc_column_text][\/vc_column][vc_column width=\u00bb1\/3&#8243;][vc_column_text]<\/p>\n<h4>Desde el Aeropuerto Internacional de Fort Lauderdale<\/h4>\n<p>Dir\u00edjase 965 m (0.6 millas) hacia el noreste. Mant\u00e9ngase a la izquierda en la bifurcaci\u00f3n, siga las se\u00f1ales para la US-1 N\/Ft Lauderdale y tome la A1A N\/U.S. 1 N. Siga conduciendo 12.2 km (7.6 millas) en la U.S. 1 N, luego d\u00e9 vuelta a la derecha en E Oakland Park Blvd. Despu\u00e9s de 1.6 km (1 milla), d\u00e9 vuelta a la izquierda en A1A N\/N Ocean Blvd. y su destino estar\u00e1 a su derecha.[\/vc_column_text][\/vc_column][vc_column width=\u00bb1\/3&#8243;][vc_column_text]<\/p>\n<h4>A Sawgrass Mills desde Blue Strawberry By The Sea<\/h4>\n<p>Vaya hacia el norte por N. Ocean Drive (A1A) hacia Datura Ave. Tome la segunda calle a la izquierda hacia Commercial Blvd. Tome la I-95 South hacia Miami, luego tome la Salida 29 (FL-838\/Sunrise Blvd.) Siga por la FL-838 unos 15 km (9.5 millas), luego d\u00e9 vuelta a la derecha hacia N. Flamingo Road. D\u00e9 vuelta a la izquierda en Blue Dolphin Blvd. y luego a la derecha en Sawgrass Mills Circle.[\/vc_column_text][\/vc_column][\/vc_row][vc_row full_width=\u00bbstretch_row\u00bb css=\u00bb.vc_custom_1618333190108{margin-bottom: -80px !important;}\u00bb][vc_column]\n\t\t\t<!-- START Bottom ES REVOLUTION SLIDER 6.7.38 --><p class=\"rs-p-wp-fix\"><\/p>\n\t\t\t<rs-module-wrap id=\"rev_slider_22_1_wrapper\" data-source=\"gallery\" style=\"visibility:hidden;background:transparent;padding:0;margin:0px auto;margin-top:0;margin-bottom:0;\">\n\t\t\t\t<rs-module id=\"rev_slider_22_1\" style=\"\" data-version=\"6.7.38\">\n\t\t\t\t\t<rs-slides style=\"overflow: hidden; position: absolute;\">\n\t\t\t\t\t\t<rs-slide style=\"position: absolute;\" data-key=\"rs-26\" data-title=\"Slide\" data-anim=\"adpr:false;\" data-in=\"o:0;\" data-out=\"a:false;\">\n\t\t\t\t\t\t\t<img decoding=\"async\" src=\"\/\/bluestrawberrybythesea.com\/wp-content\/plugins\/revslider\/sr6\/assets\/assets\/dummy.png\" alt=\"Slide\" title=\"Cont\u00e1ctenos\" class=\"rev-slidebg tp-rs-img rs-lazyload\" data-lazyload=\"\/\/bluestrawberrybythesea.com\/wp-content\/plugins\/revslider\/sr6\/assets\/assets\/transparent.png\" data-parallax=\"off\" data-no-retina>\n<!--\n\t\t\t\t\t\t\t--><rs-layer\n\t\t\t\t\t\t\t\tid=\"slider-22-slide-26-layer-0\" \n\t\t\t\t\t\t\t\tclass=\"rs-pxl-6\"\n\t\t\t\t\t\t\t\tdata-type=\"image\"\n\t\t\t\t\t\t\t\tdata-rsp_ch=\"on\"\n\t\t\t\t\t\t\t\tdata-xy=\"x:c;y:m,m,t,t;\"\n\t\t\t\t\t\t\t\tdata-text=\"w:normal;s:20,20,7,4;l:0,0,9,6;\"\n\t\t\t\t\t\t\t\tdata-dim=\"w:2000px,2000px,1140px,1140px;h:351px,351px,200px,200px;\"\n\t\t\t\t\t\t\t\tdata-frame_999=\"o:0;st:w;\"\n\t\t\t\t\t\t\t\tstyle=\"z-index:8;\"\n\t\t\t\t\t\t\t><img decoding=\"async\" src=\"\/\/bluestrawberrybythesea.com\/wp-content\/plugins\/revslider\/sr6\/assets\/assets\/dummy.png\" alt=\"\" class=\"tp-rs-img rs-lazyload\" width=\"2000\" height=\"351\" data-lazyload=\"\/\/bluestrawberrybythesea.com\/wp-content\/uploads\/2021\/03\/sand-wave.jpg\" data-no-retina> \n\t\t\t\t\t\t\t<\/rs-layer><!--\n\n\t\t\t\t\t\t\t--><rs-layer\n\t\t\t\t\t\t\t\tid=\"slider-22-slide-26-layer-1\" \n\t\t\t\t\t\t\t\tdata-type=\"image\"\n\t\t\t\t\t\t\t\tdata-rsp_ch=\"on\"\n\t\t\t\t\t\t\t\tdata-xy=\"xo:1331px,1331px,561px,375px;yo:158px,158px,108px,128px;\"\n\t\t\t\t\t\t\t\tdata-text=\"w:normal;s:20,20,7,4;l:0,0,9,6;\"\n\t\t\t\t\t\t\t\tdata-dim=\"w:245px,245px,120px,95px;h:194px,194px,95px,75px;\"\n\t\t\t\t\t\t\t\tdata-frame_999=\"o:0;st:w;\"\n\t\t\t\t\t\t\t\tstyle=\"z-index:9;\"\n\t\t\t\t\t\t\t><img decoding=\"async\" src=\"\/\/bluestrawberrybythesea.com\/wp-content\/plugins\/revslider\/sr6\/assets\/assets\/dummy.png\" alt=\"\" class=\"tp-rs-img rs-lazyload\" width=\"245\" height=\"194\" data-lazyload=\"\/\/bluestrawberrybythesea.com\/wp-content\/uploads\/2021\/03\/slipers.png\" data-no-retina> \n\t\t\t\t\t\t\t<\/rs-layer><!--\n\n\t\t\t\t\t\t\t--><rs-layer\n\t\t\t\t\t\t\t\tid=\"slider-22-slide-26-layer-2\" \n\t\t\t\t\t\t\t\tdata-type=\"image\"\n\t\t\t\t\t\t\t\tdata-rsp_ch=\"on\"\n\t\t\t\t\t\t\t\tdata-xy=\"x:c;xo:0,0,-1px,0;yo:50px,50px,24px,37px;\"\n\t\t\t\t\t\t\t\tdata-text=\"w:normal;s:20,20,7,4;l:0,0,9,6;\"\n\t\t\t\t\t\t\t\tdata-dim=\"w:80px,80px,50px,45px;h:80px,80px,50px,45px;\"\n\t\t\t\t\t\t\t\tdata-frame_999=\"o:0;st:w;\"\n\t\t\t\t\t\t\t\tstyle=\"z-index:10;\"\n\t\t\t\t\t\t\t><img decoding=\"async\" src=\"\/\/bluestrawberrybythesea.com\/wp-content\/plugins\/revslider\/sr6\/assets\/assets\/dummy.png\" alt=\"\" class=\"tp-rs-img rs-lazyload\" width=\"80\" height=\"80\" data-lazyload=\"\/\/bluestrawberrybythesea.com\/wp-content\/uploads\/2021\/03\/blue-strawberry-by-the-sea-blue-icon.png\" data-no-retina> \n\t\t\t\t\t\t\t<\/rs-layer><!--\n\n\t\t\t\t\t\t\t--><rs-layer\n\t\t\t\t\t\t\t\tid=\"slider-22-slide-26-layer-3\" \n\t\t\t\t\t\t\t\tdata-type=\"text\"\n\t\t\t\t\t\t\t\tdata-tsh=\"h:3px,3px,0px,0px;v:3px,3px,0px,0px;b:10px,10px,3px,1px;\"\n\t\t\t\t\t\t\t\tdata-rsp_ch=\"on\"\n\t\t\t\t\t\t\t\tdata-xy=\"x:c;yo:224px,224px,149px,143px;\"\n\t\t\t\t\t\t\t\tdata-text=\"w:normal;s:40,40,28,20;l:25,25,9,6;fw:700;a:center;\"\n\t\t\t\t\t\t\t\tdata-dim=\"h:auto,auto,11px,6px;\"\n\t\t\t\t\t\t\t\tdata-frame_999=\"o:0;st:w;\"\n\t\t\t\t\t\t\t\tstyle=\"z-index:12;font-family:'Montserrat';\"\n\t\t\t\t\t\t\t>+ (954) 202-9595 (Estados Unidos y Canad\u00e1) \n\t\t\t\t\t\t\t<\/rs-layer><!--\n\n\t\t\t\t\t\t\t--><rs-layer\n\t\t\t\t\t\t\t\tid=\"slider-22-slide-26-layer-4\" \n\t\t\t\t\t\t\t\tdata-type=\"text\"\n\t\t\t\t\t\t\t\tdata-tsh=\"h:3px,3px,0px,0px;v:3px,3px,0px,0px;b:10px,10px,3px,1px;\"\n\t\t\t\t\t\t\t\tdata-rsp_ch=\"on\"\n\t\t\t\t\t\t\t\tdata-xy=\"x:c;yo:174px,174px,81px,93px;\"\n\t\t\t\t\t\t\t\tdata-text=\"w:normal;s:36,36,25,17;l:25,25,25,18;fw:600;a:center;\"\n\t\t\t\t\t\t\t\tdata-dim=\"w:auto,auto,663px,409px;\"\n\t\t\t\t\t\t\t\tdata-frame_999=\"o:0;st:w;\"\n\t\t\t\t\t\t\t\tstyle=\"z-index:11;font-family:'Montserrat';\"\n\t\t\t\t\t\t\t>Ll\u00e1menos para conocer las disponibilidades, \u00a1y reserve sus vacaciones ahora! \n\t\t\t\t\t\t\t<\/rs-layer><!--\n-->\t\t\t\t\t<\/rs-slide>\n\t\t\t\t\t<\/rs-slides>\n\t\t\t\t<\/rs-module>\n\t\t\t\t<script>\n\t\t\t\t\tsetREVStartSize({c: 'rev_slider_22_1',rl:[1240,1240,778,480],el:[350,350,200,200],gw:[2000,2000,778,480],gh:[350,350,200,200],type:'standard',justify:'',layout:'fullwidth',mh:\"0\"});if (window.RS_MODULES!==undefined && window.RS_MODULES.modules!==undefined && window.RS_MODULES.modules[\"revslider221\"]!==undefined) {window.RS_MODULES.modules[\"revslider221\"].once = false;window.revapi22 = undefined;if (window.RS_MODULES.checkMinimal!==undefined) window.RS_MODULES.checkMinimal()}\n\t\t\t\t<\/script>\n\t\t\t<\/rs-module-wrap>\n\t\t\t<!-- END REVOLUTION SLIDER -->\n[\/vc_column][\/vc_row]<\/p>\n<\/div>","protected":false},"excerpt":{"rendered":"<p>[vc_row full_width=\u00bbstretch_row_content_no_spaces\u00bb css=\u00bb.vc_custom_1629379319967{margin-top: -50px !important;}\u00bb][vc_column][\/vc_column][\/vc_row][vc_row full_width=\u00bbstretch_row\u00bb bg_type=\u00bbbg_color\u00bb css=\u00bb.vc_custom_1629378928103{padding-top: 50px !important;padding-bottom: 50px !important;}\u00bb bg_color_value=\u00bb#ffffff\u00bb][vc_column width=\u00bb1\/2&#8243;][vc_column_text] Si tiene alguna pregunta o comentario, por favor llene el siguiente formulario y en breve nos pondremos en contacto con usted. [\/vc_column_text][vc_empty_space height=\u00bb30px\u00bb][\/vc_column][vc_column width=\u00bb1\/2&#8243;][vc_column_text] Blue Strawberry By The Sea 4208\/4220 North Ocean Drive Fort Lauderdale, Florida 33308 +1 (954) 202-9595 frontdesk@bluestrawberrybythesea.com[\/vc_column_text][vc_empty_space&hellip;<\/p>\n","protected":false},"author":3,"featured_media":0,"parent":0,"menu_order":0,"comment_status":"closed","ping_status":"closed","template":"","meta":{"footnotes":""},"class_list":["post-2418","page","type-page","status-publish","hentry","description-off"],"yoast_head":"<!-- This site is optimized with the Yoast SEO plugin v27.2 - https:\/\/yoast.com\/product\/yoast-seo-wordpress\/ -->\n<title>Cont\u00e1ctenos - Blue Strawberry by the Sea<\/title>\n<meta name=\"description\" content=\"Blue Strawberry By The Sea - 4208\/4220 N. Ocean Drive, Fort Lauderdale, Florida - +1 (954) 202-9595 - frontdesk@bluestrawberrybythesea.com\" \/>\n<meta name=\"robots\" content=\"index, follow, max-snippet:-1, max-image-preview:large, max-video-preview:-1\" \/>\n<link rel=\"canonical\" href=\"https:\/\/bluestrawberrybythesea.com\/es\/contactenos\/\" \/>\n<meta property=\"og:locale\" content=\"es_ES\" \/>\n<meta property=\"og:type\" content=\"article\" \/>\n<meta property=\"og:title\" content=\"Cont\u00e1ctenos - Blue Strawberry by the Sea\" \/>\n<meta property=\"og:description\" content=\"Blue Strawberry By The Sea - 4208\/4220 N. Ocean Drive, Fort Lauderdale, Florida - +1 (954) 202-9595 - frontdesk@bluestrawberrybythesea.com\" \/>\n<meta property=\"og:url\" content=\"https:\/\/bluestrawberrybythesea.com\/es\/contactenos\/\" \/>\n<meta property=\"og:site_name\" content=\"Blue Strawberry by the Sea\" \/>\n<meta property=\"article:modified_time\" content=\"2021-08-19T13:22:02+00:00\" \/>\n<meta name=\"twitter:card\" content=\"summary_large_image\" \/>\n<meta name=\"twitter:label1\" content=\"Tiempo de lectura\" \/>\n\t<meta name=\"twitter:data1\" content=\"2 minutos\" \/>\n<script type=\"application\/ld+json\" class=\"yoast-schema-graph\">{\"@context\":\"https:\/\/schema.org\",\"@graph\":[{\"@type\":\"WebPage\",\"@id\":\"https:\/\/bluestrawberrybythesea.com\/es\/contactenos\/\",\"url\":\"https:\/\/bluestrawberrybythesea.com\/es\/contactenos\/\",\"name\":\"Cont\u00e1ctenos - Blue Strawberry by the Sea\",\"isPartOf\":{\"@id\":\"https:\/\/bluestrawberrybythesea.com\/es\/#website\"},\"datePublished\":\"2021-04-13T01:08:21+00:00\",\"dateModified\":\"2021-08-19T13:22:02+00:00\",\"description\":\"Blue Strawberry By The Sea - 4208\/4220 N. Ocean Drive, Fort Lauderdale, Florida - +1 (954) 202-9595 - frontdesk@bluestrawberrybythesea.com\",\"breadcrumb\":{\"@id\":\"https:\/\/bluestrawberrybythesea.com\/es\/contactenos\/#breadcrumb\"},\"inLanguage\":\"es\",\"potentialAction\":[{\"@type\":\"ReadAction\",\"target\":[\"https:\/\/bluestrawberrybythesea.com\/es\/contactenos\/\"]}]},{\"@type\":\"BreadcrumbList\",\"@id\":\"https:\/\/bluestrawberrybythesea.com\/es\/contactenos\/#breadcrumb\",\"itemListElement\":[{\"@type\":\"ListItem\",\"position\":1,\"name\":\"Home\",\"item\":\"https:\/\/bluestrawberrybythesea.com\/es\/\"},{\"@type\":\"ListItem\",\"position\":2,\"name\":\"Cont\u00e1ctenos\"}]},{\"@type\":\"WebSite\",\"@id\":\"https:\/\/bluestrawberrybythesea.com\/es\/#website\",\"url\":\"https:\/\/bluestrawberrybythesea.com\/es\/\",\"name\":\"Blue Strawberry by the Sea\",\"description\":\"Motel located in Lauderdale-By-The-Sea, USA\",\"potentialAction\":[{\"@type\":\"SearchAction\",\"target\":{\"@type\":\"EntryPoint\",\"urlTemplate\":\"https:\/\/bluestrawberrybythesea.com\/es\/?s={search_term_string}\"},\"query-input\":{\"@type\":\"PropertyValueSpecification\",\"valueRequired\":true,\"valueName\":\"search_term_string\"}}],\"inLanguage\":\"es\"}]}<\/script>\n<!-- \/ Yoast SEO plugin. -->","yoast_head_json":{"title":"Cont\u00e1ctenos - Blue Strawberry by the Sea","description":"Blue Strawberry By The Sea - 4208\/4220 N. Ocean Drive, Fort Lauderdale, Florida - +1 (954) 202-9595 - frontdesk@bluestrawberrybythesea.com","robots":{"index":"index","follow":"follow","max-snippet":"max-snippet:-1","max-image-preview":"max-image-preview:large","max-video-preview":"max-video-preview:-1"},"canonical":"https:\/\/bluestrawberrybythesea.com\/es\/contactenos\/","og_locale":"es_ES","og_type":"article","og_title":"Cont\u00e1ctenos - Blue Strawberry by the Sea","og_description":"Blue Strawberry By The Sea - 4208\/4220 N. Ocean Drive, Fort Lauderdale, Florida - +1 (954) 202-9595 - frontdesk@bluestrawberrybythesea.com","og_url":"https:\/\/bluestrawberrybythesea.com\/es\/contactenos\/","og_site_name":"Blue Strawberry by the Sea","article_modified_time":"2021-08-19T13:22:02+00:00","twitter_card":"summary_large_image","twitter_misc":{"Tiempo de lectura":"2 minutos"},"schema":{"@context":"https:\/\/schema.org","@graph":[{"@type":"WebPage","@id":"https:\/\/bluestrawberrybythesea.com\/es\/contactenos\/","url":"https:\/\/bluestrawberrybythesea.com\/es\/contactenos\/","name":"Cont\u00e1ctenos - Blue Strawberry by the Sea","isPartOf":{"@id":"https:\/\/bluestrawberrybythesea.com\/es\/#website"},"datePublished":"2021-04-13T01:08:21+00:00","dateModified":"2021-08-19T13:22:02+00:00","description":"Blue Strawberry By The Sea - 4208\/4220 N. Ocean Drive, Fort Lauderdale, Florida - +1 (954) 202-9595 - frontdesk@bluestrawberrybythesea.com","breadcrumb":{"@id":"https:\/\/bluestrawberrybythesea.com\/es\/contactenos\/#breadcrumb"},"inLanguage":"es","potentialAction":[{"@type":"ReadAction","target":["https:\/\/bluestrawberrybythesea.com\/es\/contactenos\/"]}]},{"@type":"BreadcrumbList","@id":"https:\/\/bluestrawberrybythesea.com\/es\/contactenos\/#breadcrumb","itemListElement":[{"@type":"ListItem","position":1,"name":"Home","item":"https:\/\/bluestrawberrybythesea.com\/es\/"},{"@type":"ListItem","position":2,"name":"Cont\u00e1ctenos"}]},{"@type":"WebSite","@id":"https:\/\/bluestrawberrybythesea.com\/es\/#website","url":"https:\/\/bluestrawberrybythesea.com\/es\/","name":"Blue Strawberry by the Sea","description":"Motel located in Lauderdale-By-The-Sea, USA","potentialAction":[{"@type":"SearchAction","target":{"@type":"EntryPoint","urlTemplate":"https:\/\/bluestrawberrybythesea.com\/es\/?s={search_term_string}"},"query-input":{"@type":"PropertyValueSpecification","valueRequired":true,"valueName":"search_term_string"}}],"inLanguage":"es"}]}},"_links":{"self":[{"href":"https:\/\/bluestrawberrybythesea.com\/es\/wp-json\/wp\/v2\/pages\/2418","targetHints":{"allow":["GET"]}}],"collection":[{"href":"https:\/\/bluestrawberrybythesea.com\/es\/wp-json\/wp\/v2\/pages"}],"about":[{"href":"https:\/\/bluestrawberrybythesea.com\/es\/wp-json\/wp\/v2\/types\/page"}],"author":[{"embeddable":true,"href":"https:\/\/bluestrawberrybythesea.com\/es\/wp-json\/wp\/v2\/users\/3"}],"replies":[{"embeddable":true,"href":"https:\/\/bluestrawberrybythesea.com\/es\/wp-json\/wp\/v2\/comments?post=2418"}],"version-history":[{"count":14,"href":"https:\/\/bluestrawberrybythesea.com\/es\/wp-json\/wp\/v2\/pages\/2418\/revisions"}],"predecessor-version":[{"id":2818,"href":"https:\/\/bluestrawberrybythesea.com\/es\/wp-json\/wp\/v2\/pages\/2418\/revisions\/2818"}],"wp:attachment":[{"href":"https:\/\/bluestrawberrybythesea.com\/es\/wp-json\/wp\/v2\/media?parent=2418"}],"curies":[{"name":"wp","href":"https:\/\/api.w.org\/{rel}","templated":true}]}}